{"id":66,"date":"2026-02-14T15:42:20","date_gmt":"2026-02-14T15:42:20","guid":{"rendered":"https:\/\/dulichgiaitri123.com\/?page_id=66"},"modified":"2026-02-14T15:46:38","modified_gmt":"2026-02-14T15:46:38","slug":"trang-chu","status":"publish","type":"page","link":"https:\/\/dulichgiaitri123.com\/","title":{"rendered":"TRANG CH\u1ee6"},"content":{"rendered":"\n\t<section class=\"section\" id=\"section_2098280895\">\n\t\t<div class=\"section-bg fill\" >\n\t\t\t\t\t\t\t\t\t\n\t\t\t\n\n\t\t<\/div>\n\n\t\t\n\n\t\t<div class=\"section-content relative\">\n\t\t\t\n<div class=\"slider-wrapper relative\" id=\"slider-1934892157\" >\n    <div class=\"slider slider-nav-circle slider-nav-large slider-nav-light slider-style-normal\"\n        data-flickity-options='{\n            \"cellAlign\": \"center\",\n            \"imagesLoaded\": true,\n            \"lazyLoad\": 1,\n            \"freeScroll\": false,\n            \"wrapAround\": true,\n            \"autoPlay\": 6000,\n            \"pauseAutoPlayOnHover\" : true,\n            \"prevNextButtons\": true,\n            \"contain\" : true,\n            \"adaptiveHeight\" : true,\n            \"dragThreshold\" : 10,\n            \"percentPosition\": true,\n            \"pageDots\": true,\n            \"rightToLeft\": false,\n            \"draggable\": true,\n            \"selectedAttraction\": 0.1,\n            \"parallax\" : 0,\n            \"friction\": 0.6        }'\n        >\n        \n\t<div class=\"img has-hover x md-x lg-x y md-y lg-y\" id=\"image_1678097128\">\n\t\t\t\t\t\t\t\t<div class=\"img-inner dark\" >\n\t\t\t<img loading=\"lazy\" decoding=\"async\" width=\"1020\" height=\"276\" src=\"https:\/\/dulichgiaitri123.com\/wp-content\/uploads\/2026\/02\/Banner-Image-1024x277.png\" class=\"attachment-large size-large\" alt=\"\" srcset=\"https:\/\/dulichgiaitri123.com\/wp-content\/uploads\/2026\/02\/Banner-Image-1024x277.png 1024w, https:\/\/dulichgiaitri123.com\/wp-content\/uploads\/2026\/02\/Banner-Image-300x81.png 300w, https:\/\/dulichgiaitri123.com\/wp-content\/uploads\/2026\/02\/Banner-Image-768x208.png 768w, https:\/\/dulichgiaitri123.com\/wp-content\/uploads\/2026\/02\/Banner-Image-1536x416.png 1536w, https:\/\/dulichgiaitri123.com\/wp-content\/uploads\/2026\/02\/Banner-Image.png 1920w\" sizes=\"auto, (max-width: 1020px) 100vw, 1020px\" \/>\t\t\t\t\t\t\n\t\t\t\t\t<\/div>\n\t\t\t\t\t\t\t\t\n<style>\n#image_1678097128 {\n  width: 100%;\n}\n<\/style>\n\t<\/div>\n\t\n     <\/div>\n\n     <div class=\"loading-spin dark large centered\"><\/div>\n\n\t<\/div>\n\n\n\t\t<\/div>\n\n\t\t\n<style>\n#section_2098280895 {\n  padding-top: 0px;\n  padding-bottom: 0px;\n}\n<\/style>\n\t<\/section>\n\t\n\n\t<section class=\"section\" id=\"section_1021382651\">\n\t\t<div class=\"section-bg fill\" >\n\t\t\t\t\t\t\t\t\t\n\t\t\t\n\n\t\t<\/div>\n\n\t\t\n\n\t\t<div class=\"section-content relative\">\n\t\t\t\n<div class=\"row\"  id=\"row-1104351629\">\n\n\t<div id=\"col-1389413274\" class=\"col small-12 large-12\"  >\n\t\t\t\t<div class=\"col-inner\"  >\n\t\t\t\n\t\t\t\n\r\n    <!-- UI 0 -->\r\n    <div class=\"ldp6_idol_grid\">\r\n\r\n        \r\n            <div class=\"ldp6_idol_grid__item\">\r\n\r\n                                    <a href=\"#\" class=\"ldp6_idol_grid__link\" >\r\n                    \r\n                        <img decoding=\"async\" src=\"https:\/\/dulichgiaitri123.com\/wp-content\/uploads\/2026\/02\/Frame-2147224050.png\" alt=\"\">\r\n\r\n                                            <\/a>\r\n                \r\n        <\/div>\r\n\r\n    \r\n            <div class=\"ldp6_idol_grid__item\">\r\n\r\n                                    <a href=\"#\" class=\"ldp6_idol_grid__link\" >\r\n                    \r\n                        <img decoding=\"async\" src=\"https:\/\/dulichgiaitri123.com\/wp-content\/uploads\/2026\/02\/Frame-2147224050-1.png\" alt=\"\">\r\n\r\n                                            <\/a>\r\n                \r\n        <\/div>\r\n\r\n    \r\n            <div class=\"ldp6_idol_grid__item\">\r\n\r\n                                    <a href=\"#\" class=\"ldp6_idol_grid__link\" >\r\n                    \r\n                        <img decoding=\"async\" src=\"https:\/\/dulichgiaitri123.com\/wp-content\/uploads\/2026\/02\/Frame-2147224050-2.png\" alt=\"\">\r\n\r\n                                            <\/a>\r\n                \r\n        <\/div>\r\n\r\n    \r\n            <div class=\"ldp6_idol_grid__item\">\r\n\r\n                                    <a href=\"#\" class=\"ldp6_idol_grid__link\" >\r\n                    \r\n                        <img decoding=\"async\" src=\"https:\/\/dulichgiaitri123.com\/wp-content\/uploads\/2026\/02\/Frame-2147224050-3.png\" alt=\"\">\r\n\r\n                                            <\/a>\r\n                \r\n        <\/div>\r\n\r\n    \r\n            <div class=\"ldp6_idol_grid__item\">\r\n\r\n                                    <a href=\"#\" class=\"ldp6_idol_grid__link\" >\r\n                    \r\n                        <img decoding=\"async\" src=\"https:\/\/dulichgiaitri123.com\/wp-content\/uploads\/2026\/02\/Frame-2147224050-4.png\" alt=\"\">\r\n\r\n                                            <\/a>\r\n                \r\n        <\/div>\r\n\r\n    \r\n            <div class=\"ldp6_idol_grid__item\">\r\n\r\n                                    <a href=\"#\" class=\"ldp6_idol_grid__link\" >\r\n                    \r\n                        <img decoding=\"async\" src=\"https:\/\/dulichgiaitri123.com\/wp-content\/uploads\/2026\/02\/Frame-2147224050-5.png\" alt=\"\">\r\n\r\n                                            <\/a>\r\n                \r\n        <\/div>\r\n\r\n    \r\n            <div class=\"ldp6_idol_grid__item\">\r\n\r\n                                    <a href=\"#\" class=\"ldp6_idol_grid__link\" >\r\n                    \r\n                        <img decoding=\"async\" src=\"https:\/\/dulichgiaitri123.com\/wp-content\/uploads\/2026\/02\/Frame-2147224050-6.png\" alt=\"\">\r\n\r\n                                            <\/a>\r\n                \r\n        <\/div>\r\n\r\n    \r\n            <div class=\"ldp6_idol_grid__item\">\r\n\r\n                                    <a href=\"#\" class=\"ldp6_idol_grid__link\" >\r\n                    \r\n                        <img decoding=\"async\" src=\"https:\/\/dulichgiaitri123.com\/wp-content\/uploads\/2026\/02\/Frame-2147224050-7.png\" alt=\"\">\r\n\r\n                                            <\/a>\r\n                \r\n        <\/div>\r\n\r\n    \r\n    <\/div>\r\n\r\n    \n\t\t<\/div>\n\t\t\t\t\t<\/div>\n\n\t\n<\/div>\n<div class=\"row\"  id=\"row-376879155\">\n\n\t<div id=\"col-688173816\" class=\"col small-12 large-12\"  >\n\t\t\t\t<div class=\"col-inner\"  >\n\t\t\t\n\t\t\t\n\r\n    <div class=\"ldp6_icon__box\">\r\n        <div class=\"ldp6_icon_box_grid__container\">\r\n            <div class=\"ldp6_icon_box__content\">\r\n\r\n                \r\n                <div class=\"ldp6_icon_box_grid\">\r\n\r\n                                            <div class=\"icon_box\">\r\n                            <div class=\"icon_box__icon\">\r\n                                <img decoding=\"async\" src=\"https:\/\/dulichgiaitri123.com\/wp-content\/uploads\/2026\/02\/image-119.png\"\r\n                                    alt=\"Ch\u0103m s\u00f3c &lt;br&gt; kh\u00e1ch h\u00e0ng 24\/7\">\r\n                            <\/div>\r\n\r\n                                                            <div class=\"icon_box__content\">\r\n                                    <h3 class=\"icon_box__title\">\r\n                                        Ch\u0103m s\u00f3c <br> kh\u00e1ch h\u00e0ng 24\/7                                    <\/h3>\r\n                                <\/div>\r\n                                                    <\/div>\r\n                                            <div class=\"icon_box\">\r\n                            <div class=\"icon_box__icon\">\r\n                                <img decoding=\"async\" src=\"https:\/\/dulichgiaitri123.com\/wp-content\/uploads\/2026\/02\/image-119-1.png\"\r\n                                    alt=\"N\u1ea1p - R\u00fat &lt;br&gt; nhanh ch\u00f3ng\">\r\n                            <\/div>\r\n\r\n                                                            <div class=\"icon_box__content\">\r\n                                    <h3 class=\"icon_box__title\">\r\n                                        N\u1ea1p - R\u00fat <br> nhanh ch\u00f3ng                                    <\/h3>\r\n                                <\/div>\r\n                                                    <\/div>\r\n                                            <div class=\"icon_box\">\r\n                            <div class=\"icon_box__icon\">\r\n                                <img decoding=\"async\" src=\"https:\/\/dulichgiaitri123.com\/wp-content\/uploads\/2026\/02\/image-120.png\"\r\n                                    alt=\"\u0110\u0103ng Nh\u1eadp D\u1ec5 D\u00e0ng &lt;br&gt; B\u1ea3o M\u1eadt Tuy\u1ec7t \u0110\u1ed1i\">\r\n                            <\/div>\r\n\r\n                                                            <div class=\"icon_box__content\">\r\n                                    <h3 class=\"icon_box__title\">\r\n                                        \u0110\u0103ng Nh\u1eadp D\u1ec5 D\u00e0ng <br> B\u1ea3o M\u1eadt Tuy\u1ec7t \u0110\u1ed1i                                    <\/h3>\r\n                                <\/div>\r\n                                                    <\/div>\r\n                    \r\n                    <!-- Buttons -->\r\n                    <div class=\"ldp6_button_group\">\r\n                        <a href=\"#\" class=\"ldp6_btn ldp6_btn--primary\">\r\n                            \u0110\u0103ng K\u00fd\r\n                        <\/a>\r\n\r\n                        <a href=\"#\" class=\"ldp6_btn ldp6_btn--outline\">\r\n                            \u0110\u0103ng Nh\u1eadp\r\n                        <\/a>\r\n                    <\/div>\r\n\r\n                <\/div>\r\n            <\/div>\r\n        <\/div>\r\n    <\/div>\r\n\r\n    \n\t\t<\/div>\n\t\t\t\t\t<\/div>\n\n\t\n<\/div>\n<div class=\"row\"  id=\"row-1807053223\">\n\n\t<div id=\"col-565469061\" class=\"col small-12 large-12\"  >\n\t\t\t\t<div class=\"col-inner\"  >\n\t\t\t\n\t\t\t\n\r\n    <!-- UI Content Scroll -->\r\n    <div class=\"ldp6_content_scroll\">\r\n        <div class=\"ldp6_content_scroll__inner\">\r\n\r\n                            <p style=\"text-align: center;\"><strong>8KBET | TRANG CH\u1ee6 CH\u00cdNH 8KBET<\/strong><br \/>\n<strong>S\u1ed0 #1 VI\u1ec6T NAM HI\u1ec6N NAY<\/strong><\/p>\n<p>Lorem ipsum dolor sit amet consectetur adipiscing elit. Quisque faucibus ex sapien vitae pellentesque sem placerat. In id cursus mi pretium tellus duis convallis. Tempus leo eu aenean sed diam urna tempor. Pulvinar vivamus fringilla lacus nec metus bibendum egestas. Iaculis massa nisl malesuada lacinia integer nunc posuere. Ut hendrerit semper vel class aptent taciti sociosqu. Ad litora torquent per conubia nostra inceptos himenaeos.<\/p>\n<p>Lorem ipsum dolor sit amet consectetur adipiscing elit. Quisque faucibus ex sapien vitae pellentesque sem placerat. In id cursus mi pretium tellus duis convallis. Tempus leo eu aenean sed diam urna tempor. Pulvinar vivamus fringilla lacus nec metus bibendum egestas. Iaculis massa nisl malesuada lacinia integer nunc posuere. Ut hendrerit semper vel class aptent taciti sociosqu. Ad litora torquent per conubia nostra inceptos himenaeos.<\/p>\n<p>Lorem ipsum dolor sit amet consectetur adipiscing elit. Quisque faucibus ex sapien vitae pellentesque sem placerat. In id cursus mi pretium tellus duis convallis. Tempus leo eu aenean sed diam urna tempor. Pulvinar vivamus fringilla lacus nec metus bibendum egestas. Iaculis massa nisl malesuada lacinia integer nunc posuere. Ut hendrerit semper vel class aptent taciti sociosqu. Ad litora torquent per conubia nostra inceptos himenaeos.<\/p>\n<p>Lorem ipsum dolor sit amet consectetur adipiscing elit. Quisque faucibus ex sapien vitae pellentesque sem placerat. In id cursus mi pretium tellus duis convallis. Tempus leo eu aenean sed diam urna tempor. Pulvinar vivamus fringilla lacus nec metus bibendum egestas. Iaculis massa nisl malesuada lacinia integer nunc posuere. Ut hendrerit semper vel class aptent taciti sociosqu. Ad litora torquent per conubia nostra inceptos himenaeos.<\/p>\n<p>Lorem ipsum dolor sit amet consectetur adipiscing elit. Quisque faucibus ex sapien vitae pellentesque sem placerat. In id cursus mi pretium tellus duis convallis. Tempus leo eu aenean sed diam urna tempor. Pulvinar vivamus fringilla lacus nec metus bibendum egestas. Iaculis massa nisl malesuada lacinia integer nunc posuere. Ut hendrerit semper vel class aptent taciti sociosqu. Ad litora torquent per conubia nostra inceptos himenaeos.<\/p>\n<p>Lorem ipsum dolor sit amet consectetur adipiscing elit. Quisque faucibus ex sapien vitae pellentesque sem placerat. In id cursus mi pretium tellus duis convallis. Tempus leo eu aenean sed diam urna tempor. Pulvinar vivamus fringilla lacus nec metus bibendum egestas. Iaculis massa nisl malesuada lacinia integer nunc posuere. Ut hendrerit semper vel class aptent taciti sociosqu. Ad litora torquent per conubia nostra inceptos himenaeos.<\/p>\n<p>Lorem ipsum dolor sit amet consectetur adipiscing elit. Quisque faucibus ex sapien vitae pellentesque sem placerat. In id cursus mi pretium tellus duis convallis. Tempus leo eu aenean sed diam urna tempor. Pulvinar vivamus fringilla lacus nec metus bibendum egestas. Iaculis massa nisl malesuada lacinia integer nunc posuere. Ut hendrerit semper vel class aptent taciti sociosqu. Ad litora torquent per conubia nostra inceptos himenaeos.<\/p>\n<p>Lorem ipsum dolor sit amet consectetur adipiscing elit. Quisque faucibus ex sapien vitae pellentesque sem placerat. In id cursus mi pretium tellus duis convallis. Tempus leo eu aenean sed diam urna tempor. Pulvinar vivamus fringilla lacus nec metus bibendum egestas. Iaculis massa nisl malesuada lacinia integer nunc posuere. Ut hendrerit semper vel class aptent taciti sociosqu. Ad litora torquent per conubia nostra inceptos himenaeos.<\/p>\n<p>Lorem ipsum dolor sit amet consectetur adipiscing elit. Quisque faucibus ex sapien vitae pellentesque sem placerat. In id cursus mi pretium tellus duis convallis. Tempus leo eu aenean sed diam urna tempor. Pulvinar vivamus fringilla lacus nec metus bibendum egestas. Iaculis massa nisl malesuada lacinia integer nunc posuere. Ut hendrerit semper vel class aptent taciti sociosqu. Ad litora torquent per conubia nostra inceptos himenaeos.<\/p>\n<p>Lorem ipsum dolor sit amet consectetur adipiscing elit. Quisque faucibus ex sapien vitae pellentesque sem placerat. In id cursus mi pretium tellus duis convallis. Tempus leo eu aenean sed diam urna tempor. Pulvinar vivamus fringilla lacus nec metus bibendum egestas. Iaculis massa nisl malesuada lacinia integer nunc posuere. Ut hendrerit semper vel class aptent taciti sociosqu. Ad litora torquent per conubia nostra inceptos himenaeos.<\/p>\n            \r\n        <\/div>\r\n    <\/div>\r\n    <!-- \/ UI Content Scroll -->\r\n\r\n    \n\t\t<\/div>\n\t\t\t\t\t<\/div>\n\n\t\n<\/div>\n<div class=\"row\"  id=\"row-98698256\">\n\n\t<div id=\"col-1724080624\" class=\"col small-12 large-12\"  >\n\t\t\t\t<div class=\"col-inner\"  >\n\t\t\t\n\t\t\t\n\r\n    <!-- UI 3 -->\r\n    <div class=\"ldp6_post_grid\">\r\n\r\n        \r\n            <article class=\"ldp6_post_item\">\r\n\r\n                <div class=\"ldp6_post_item__thumb--inner\">\r\n                    <a href=\"https:\/\/dulichgiaitri123.com\/index.php\/2026\/01\/10\/hello-world\/\" class=\"ldp6_post_item__thumb\">\r\n                                            <\/a>\r\n                <\/div>\r\n\r\n                <div class=\"ldp6_post_item__content\">\r\n                    <h3 class=\"ldp6_post_item__title\">\r\n                        <a href=\"https:\/\/dulichgiaitri123.com\/index.php\/2026\/01\/10\/hello-world\/\">\r\n                            Hello world!                        <\/a>\r\n                    <\/h3>\r\n\r\n                    <span class=\"ldp6_post_item__date\">\r\n                        10\/01\/2026                    <\/span>\r\n                <\/div>\r\n\r\n            <\/article>\r\n\r\n        \r\n            <article class=\"ldp6_post_item\">\r\n\r\n                <div class=\"ldp6_post_item__thumb--inner\">\r\n                    <a href=\"https:\/\/dulichgiaitri123.com\/index.php\/2015\/11\/19\/welcome-to-flatsome\/\" class=\"ldp6_post_item__thumb\">\r\n                                                    <img decoding=\"async\" src=\"https:\/\/dulichgiaitri123.com\/wp-content\/uploads\/2016\/08\/dummy-1.jpg\"\r\n                                alt=\"Welcome to Flatsome\">\r\n                                            <\/a>\r\n                <\/div>\r\n\r\n                <div class=\"ldp6_post_item__content\">\r\n                    <h3 class=\"ldp6_post_item__title\">\r\n                        <a href=\"https:\/\/dulichgiaitri123.com\/index.php\/2015\/11\/19\/welcome-to-flatsome\/\">\r\n                            Welcome to Flatsome                        <\/a>\r\n                    <\/h3>\r\n\r\n                    <span class=\"ldp6_post_item__date\">\r\n                        19\/11\/2015                    <\/span>\r\n                <\/div>\r\n\r\n            <\/article>\r\n\r\n        \r\n            <article class=\"ldp6_post_item\">\r\n\r\n                <div class=\"ldp6_post_item__thumb--inner\">\r\n                    <a href=\"https:\/\/dulichgiaitri123.com\/index.php\/2015\/10\/13\/velkommen-til-bloggen-min\/\" class=\"ldp6_post_item__thumb\">\r\n                                                    <img decoding=\"async\" src=\"https:\/\/dulichgiaitri123.com\/wp-content\/uploads\/2016\/08\/dummy-1.jpg\"\r\n                                alt=\"Just another post with A Gallery\">\r\n                                            <\/a>\r\n                <\/div>\r\n\r\n                <div class=\"ldp6_post_item__content\">\r\n                    <h3 class=\"ldp6_post_item__title\">\r\n                        <a href=\"https:\/\/dulichgiaitri123.com\/index.php\/2015\/10\/13\/velkommen-til-bloggen-min\/\">\r\n                            Just another post with A Gallery                        <\/a>\r\n                    <\/h3>\r\n\r\n                    <span class=\"ldp6_post_item__date\">\r\n                        13\/10\/2015                    <\/span>\r\n                <\/div>\r\n\r\n            <\/article>\r\n\r\n        \r\n            <article class=\"ldp6_post_item\">\r\n\r\n                <div class=\"ldp6_post_item__thumb--inner\">\r\n                    <a href=\"https:\/\/dulichgiaitri123.com\/index.php\/2015\/10\/13\/a-simple-blog-post\/\" class=\"ldp6_post_item__thumb\">\r\n                                                    <img decoding=\"async\" src=\"https:\/\/dulichgiaitri123.com\/wp-content\/uploads\/2016\/08\/dummy-1.jpg\"\r\n                                alt=\"A Simple Blog Post\">\r\n                                            <\/a>\r\n                <\/div>\r\n\r\n                <div class=\"ldp6_post_item__content\">\r\n                    <h3 class=\"ldp6_post_item__title\">\r\n                        <a href=\"https:\/\/dulichgiaitri123.com\/index.php\/2015\/10\/13\/a-simple-blog-post\/\">\r\n                            A Simple Blog Post                        <\/a>\r\n                    <\/h3>\r\n\r\n                    <span class=\"ldp6_post_item__date\">\r\n                        13\/10\/2015                    <\/span>\r\n                <\/div>\r\n\r\n            <\/article>\r\n\r\n        \r\n    <\/div>\r\n    <!-- \/ UI 3 -->\r\n\r\n    \n\t\t<\/div>\n\t\t\t\t\t<\/div>\n\n\t\n<\/div>\n\t\t<\/div>\n\n\t\t\n<style>\n#section_1021382651 {\n  padding-top: 30px;\n  padding-bottom: 30px;\n}\n<\/style>\n\t<\/section>\n\t\n","protected":false},"excerpt":{"rendered":"","protected":false},"author":3,"featured_media":0,"parent":0,"menu_order":0,"comment_status":"closed","ping_status":"closed","template":"page-blank.php","meta":{"_acf_changed":false,"footnotes":""},"class_list":["post-66","page","type-page","status-publish","hentry"],"acf":[],"_links":{"self":[{"href":"https:\/\/dulichgiaitri123.com\/index.php\/wp-json\/wp\/v2\/pages\/66","targetHints":{"allow":["GET"]}}],"collection":[{"href":"https:\/\/dulichgiaitri123.com\/index.php\/wp-json\/wp\/v2\/pages"}],"about":[{"href":"https:\/\/dulichgiaitri123.com\/index.php\/wp-json\/wp\/v2\/types\/page"}],"author":[{"embeddable":true,"href":"https:\/\/dulichgiaitri123.com\/index.php\/wp-json\/wp\/v2\/users\/3"}],"replies":[{"embeddable":true,"href":"https:\/\/dulichgiaitri123.com\/index.php\/wp-json\/wp\/v2\/comments?post=66"}],"version-history":[{"count":6,"href":"https:\/\/dulichgiaitri123.com\/index.php\/wp-json\/wp\/v2\/pages\/66\/revisions"}],"predecessor-version":[{"id":74,"href":"https:\/\/dulichgiaitri123.com\/index.php\/wp-json\/wp\/v2\/pages\/66\/revisions\/74"}],"wp:attachment":[{"href":"https:\/\/dulichgiaitri123.com\/index.php\/wp-json\/wp\/v2\/media?parent=66"}],"curies":[{"name":"wp","href":"https:\/\/api.w.org\/{rel}","templated":true}]}}